{"id":211,"date":"2021-01-20T11:16:33","date_gmt":"2021-01-20T10:16:33","guid":{"rendered":"http:\/\/pinarbo.pl\/?page_id=211"},"modified":"2024-01-18T15:56:33","modified_gmt":"2024-01-18T14:56:33","slug":"o-nas","status":"publish","type":"page","link":"http:\/\/pinarbo.pl\/index.php\/o-nas\/","title":{"rendered":"O Nas"},"content":{"rendered":"<div class=\"wp-block-image\">\n<figure class=\"aligncenter size-large\"><img loading=\"lazy\" decoding=\"async\" width=\"1024\" height=\"684\" src=\"http:\/\/pinarbo.pl\/wp-content\/uploads\/2021\/08\/4_Restauracja-Pinarbo-1024x684.jpg\" alt=\"\" class=\"wp-image-326\" srcset=\"http:\/\/pinarbo.pl\/wp-content\/uploads\/2021\/08\/4_Restauracja-Pinarbo-1024x684.jpg 1024w, http:\/\/pinarbo.pl\/wp-content\/uploads\/2021\/08\/4_Restauracja-Pinarbo-300x200.jpg 300w, http:\/\/pinarbo.pl\/wp-content\/uploads\/2021\/08\/4_Restauracja-Pinarbo-768x513.jpg 768w, http:\/\/pinarbo.pl\/wp-content\/uploads\/2021\/08\/4_Restauracja-Pinarbo.jpg 1200w\" sizes=\"auto, (max-width: 1024px) 100vw, 1024px\" \/><figcaption class=\"wp-element-caption\">R<mark style=\"background-color:rgba(0, 0, 0, 0)\" class=\"has-inline-color has-colibri-color-6-color\"><strong>estauracja Pinarbo zachwyca znakomit\u0105 kuchni\u0105 i niezwyk\u0142ymi widokami.<\/strong><\/mark><br>To idealne miejsce spotka\u0144 podczas wy\u015bmienitych posi\u0142k\u00f3w, a niew\u0105tpliwym jej atutem s\u0105 szklane atria <br>dzi\u0119ki kt\u00f3rym mo\u017cna podziwia\u0107 otaczaj\u0105c\u0105 ziele\u0144 i jezioro.<br>Kameralny wystr\u00f3j wn\u0119trza sprawi, \u017ce poczujesz si\u0119 u nas wyj\u0105tkowo zar\u00f3wno podczas <br>romantycznej kolacji, rodzinnej uroczysto\u015bci jak i na spotkaniu biznesowym.<br>Regionalne i sezonowe produkty stanowi\u0105 baz\u0119 do autorskich da\u0144 Szefa Kuchni, <br>kt\u00f3re zaskocz\u0105 Ci\u0119 elegancj\u0105, oryginalno\u015bci\u0105 i wyrafinowanym smakiem.<\/figcaption><\/figure>\n<\/div>\n\n\n<p><\/p>\n","protected":false},"excerpt":{"rendered":"","protected":false},"author":2,"featured_media":0,"parent":0,"menu_order":0,"comment_status":"closed","ping_status":"closed","template":"page-templates\/homepage.php","meta":{"footnotes":""},"class_list":["post-211","page","type-page","status-publish","hentry"],"_links":{"self":[{"href":"http:\/\/pinarbo.pl\/index.php\/wp-json\/wp\/v2\/pages\/211","targetHints":{"allow":["GET"]}}],"collection":[{"href":"http:\/\/pinarbo.pl\/index.php\/wp-json\/wp\/v2\/pages"}],"about":[{"href":"http:\/\/pinarbo.pl\/index.php\/wp-json\/wp\/v2\/types\/page"}],"author":[{"embeddable":true,"href":"http:\/\/pinarbo.pl\/index.php\/wp-json\/wp\/v2\/users\/2"}],"replies":[{"embeddable":true,"href":"http:\/\/pinarbo.pl\/index.php\/wp-json\/wp\/v2\/comments?post=211"}],"version-history":[{"count":3,"href":"http:\/\/pinarbo.pl\/index.php\/wp-json\/wp\/v2\/pages\/211\/revisions"}],"predecessor-version":[{"id":453,"href":"http:\/\/pinarbo.pl\/index.php\/wp-json\/wp\/v2\/pages\/211\/revisions\/453"}],"wp:attachment":[{"href":"http:\/\/pinarbo.pl\/index.php\/wp-json\/wp\/v2\/media?parent=211"}],"curies":[{"name":"wp","href":"https:\/\/api.w.org\/{rel}","templated":true}]}}